{"id":188,"date":"2025-06-02T17:11:29","date_gmt":"2025-06-02T17:11:29","guid":{"rendered":"https:\/\/momenteternel.com\/?page_id=188"},"modified":"2025-06-02T17:13:35","modified_gmt":"2025-06-02T17:13:35","slug":"mentions-legales-confidentialite","status":"publish","type":"page","link":"https:\/\/momenteternel.com\/?page_id=188","title":{"rendered":"Mentions l\u00e9gales &amp; Confidentialit\u00e9"},"content":{"rendered":"\n<p><strong>\u00c9diteur du site :<\/strong><br>Moment \u00c9ternel \u2013 Guy Castelo<br>Email :&nbsp;<a>contact@momenteternel.fr<\/a><br>T\u00e9l\u00e9phone : +33 1 23 45 67 89<br>Adresse : [\u00e0 compl\u00e9ter]<\/p>\n\n\n\n<p><strong>Responsable de la publication :<\/strong><br>Guy Castelo \u2013 Directeur du projet<\/p>\n\n\n\n<hr class=\"wp-block-separator has-alpha-channel-opacity\"\/>\n\n\n\n<p><strong>Propri\u00e9t\u00e9 intellectuelle :<\/strong><br>Tout le contenu pr\u00e9sent sur le site Moment \u00c9ternel (textes, images, graphismes, logos, vid\u00e9os, base de donn\u00e9es, architecture du site, etc.) est la propri\u00e9t\u00e9 exclusive de Moment \u00c9ternel ou fait l&rsquo;objet d&rsquo;une autorisation d&rsquo;utilisation. Conform\u00e9ment \u00e0 l&rsquo;article L122-4 du Code de la propri\u00e9t\u00e9 intellectuelle, toute reproduction ou repr\u00e9sentation, int\u00e9grale ou partielle, par quelque proc\u00e9d\u00e9 que ce soit, faite sans le consentement de l&rsquo;auteur ou de ses ayants droit est illicite.<\/p>\n\n\n\n<hr class=\"wp-block-separator has-alpha-channel-opacity\"\/>\n\n\n\n<p><strong>Protection des donn\u00e9es personnelles :<\/strong><br>Conform\u00e9ment au R\u00e8glement G\u00e9n\u00e9ral sur la Protection des Donn\u00e9es (RGPD &#8211; UE 2016\/679), Moment \u00c9ternel s&rsquo;engage \u00e0 ne collecter que les donn\u00e9es strictement n\u00e9cessaires \u00e0 l\u2019usage du site (formulaires, statistiques anonymes via cookies, etc.).<\/p>\n\n\n\n<p>Les donn\u00e9es collect\u00e9es ne sont en aucun cas vendues ou transmises \u00e0 des tiers non autoris\u00e9s. Vous disposez d\u2019un droit d\u2019acc\u00e8s, de rectification, d\u2019effacement, de limitation, d\u2019opposition et de portabilit\u00e9 des donn\u00e9es vous concernant. Pour exercer vos droits, contactez :&nbsp;<a>contact@momenteternel.fr<\/a><\/p>\n\n\n\n<p>En cas de litige, vous pouvez introduire une r\u00e9clamation aupr\u00e8s de la CNIL (<a>www.cnil.fr<\/a>).<\/p>\n\n\n\n<hr class=\"wp-block-separator has-alpha-channel-opacity\"\/>\n\n\n\n<p><strong>Cookies et traceurs :<\/strong><br>Le site peut utiliser des cookies pour am\u00e9liorer votre navigation, proposer du contenu personnalis\u00e9 et r\u00e9aliser des statistiques de visite. Lors de votre premi\u00e8re visite, un bandeau de consentement vous permet d&rsquo;accepter ou refuser les cookies non essentiels, conform\u00e9ment \u00e0 la directive ePrivacy.<\/p>\n\n\n\n<p>Vous pouvez modifier vos pr\u00e9f\u00e9rences \u00e0 tout moment depuis l\u2019interface d\u00e9di\u00e9e en bas de page.<\/p>\n\n\n\n<hr class=\"wp-block-separator has-alpha-channel-opacity\"\/>\n\n\n\n<p><strong>Conditions d\u2019utilisation :<\/strong><br>L\u2019utilisation du site implique l\u2019acceptation pleine et enti\u00e8re des conditions g\u00e9n\u00e9rales d\u2019utilisation d\u00e9crites ici. Ces conditions sont susceptibles d\u2019\u00eatre modifi\u00e9es ou compl\u00e9t\u00e9es \u00e0 tout moment. Les utilisateurs sont donc invit\u00e9s \u00e0 les consulter r\u00e9guli\u00e8rement.<\/p>\n\n\n\n<p>Moment \u00c9ternel ne saurait \u00eatre tenu responsable d\u2019un dommage mat\u00e9riel li\u00e9 \u00e0 l\u2019utilisation du site. L\u2019utilisateur s\u2019engage \u00e0 acc\u00e9der au site en utilisant un mat\u00e9riel r\u00e9cent, ne contenant pas de virus et avec un navigateur \u00e0 jour.<\/p>\n\n\n\n<hr class=\"wp-block-separator has-alpha-channel-opacity\"\/>\n\n\n\n<p><strong>Modification des mentions l\u00e9gales :<\/strong><br>Moment \u00c9ternel se r\u00e9serve le droit de modifier les pr\u00e9sentes mentions \u00e0 tout moment. Elles s\u2019imposent \u00e0 l\u2019utilisateur d\u00e8s leur mise en ligne et pr\u00e9valent sur toute version ant\u00e9rieure.<\/p>\n\n\n\n<hr class=\"wp-block-separator has-alpha-channel-opacity\"\/>\n\n\n\n<p><strong>Droit applicable et juridiction comp\u00e9tente :<\/strong><br>Les pr\u00e9sentes mentions l\u00e9gales sont r\u00e9gies par le droit fran\u00e7ais. En cas de litige, et apr\u00e8s tentative de r\u00e9solution amiable, les tribunaux fran\u00e7ais seront seuls comp\u00e9tents.<\/p>\n","protected":false},"excerpt":{"rendered":"<p>\u00c9diteur du site :Moment \u00c9ternel \u2013 Guy CasteloEmail :&nbsp;contact@momenteternel.frT\u00e9l\u00e9phone : +33 1 23 45 67 89Adresse : [\u00e0 compl\u00e9ter] Responsable de la publication :Guy Castelo \u2013 Directeur du projet Propri\u00e9t\u00e9 intellectuelle :Tout le contenu pr\u00e9sent sur le site Moment \u00c9ternel (textes, images, graphismes, logos, vid\u00e9os, base de donn\u00e9es, architecture du site, etc.) est la propri\u00e9t\u00e9 &hellip; <\/p>\n<p class=\"link-more\"><a href=\"https:\/\/momenteternel.com\/?page_id=188\" class=\"more-link\">Lire la suite de<span class=\"screen-reader-text\">\u00ab\u00a0Mentions l\u00e9gales &amp; Confidentialit\u00e9\u00a0\u00bb<\/span><\/a><\/p>\n","protected":false},"author":1,"featured_media":0,"parent":0,"menu_order":0,"comment_status":"closed","ping_status":"closed","template":"","meta":{"inspiro_hide_title":false,"footnotes":""},"class_list":["post-188","page","type-page","status-publish","hentry"],"_links":{"self":[{"href":"https:\/\/momenteternel.com\/index.php?rest_route=\/wp\/v2\/pages\/188","targetHints":{"allow":["GET"]}}],"collection":[{"href":"https:\/\/momenteternel.com\/index.php?rest_route=\/wp\/v2\/pages"}],"about":[{"href":"https:\/\/momenteternel.com\/index.php?rest_route=\/wp\/v2\/types\/page"}],"author":[{"embeddable":true,"href":"https:\/\/momenteternel.com\/index.php?rest_route=\/wp\/v2\/users\/1"}],"replies":[{"embeddable":true,"href":"https:\/\/momenteternel.com\/index.php?rest_route=%2Fwp%2Fv2%2Fcomments&post=188"}],"version-history":[{"count":2,"href":"https:\/\/momenteternel.com\/index.php?rest_route=\/wp\/v2\/pages\/188\/revisions"}],"predecessor-version":[{"id":191,"href":"https:\/\/momenteternel.com\/index.php?rest_route=\/wp\/v2\/pages\/188\/revisions\/191"}],"wp:attachment":[{"href":"https:\/\/momenteternel.com\/index.php?rest_route=%2Fwp%2Fv2%2Fmedia&parent=188"}],"curies":[{"name":"wp","href":"https:\/\/api.w.org\/{rel}","templated":true}]}}