{"id":161,"date":"2025-06-02T16:16:11","date_gmt":"2025-06-02T16:16:11","guid":{"rendered":"https:\/\/momenteternel.com\/?page_id=161"},"modified":"2025-06-02T20:36:09","modified_gmt":"2025-06-02T20:36:09","slug":"contact-devenir-partenaire","status":"publish","type":"page","link":"https:\/\/momenteternel.com\/?page_id=161","title":{"rendered":"Contact \/ Devenir partenaire"},"content":{"rendered":"\n<p class=\"has-text-align-center\"><strong>&nbsp;Une question, une proposition ? Contactez-nous !<\/strong><\/p>\n\n\n\n<p>Vous souhaitez devenir partenaire, inscrire un monument, proposer votre commerce ou simplement en savoir plus sur notre projet ? Nous sommes \u00e0 votre \u00e9coute.<\/p>\n\n\n\n<p>Notre \u00e9quipe vous accompagne que vous soyez :<\/p>\n\n\n\n<ul class=\"wp-block-list\">\n<li>Une&nbsp;<strong>mairie<\/strong>&nbsp;souhaitant valoriser ses lieux historiques<\/li>\n\n\n\n<li>Un&nbsp;<strong>commer\u00e7ant local<\/strong>&nbsp;en qu\u00eate de visibilit\u00e9<\/li>\n\n\n\n<li>Un&nbsp;<strong>acteur culturel<\/strong>&nbsp;ou une&nbsp;<strong>association patrimoniale<\/strong><\/li>\n\n\n\n<li>Ou tout simplement un&nbsp;<strong>passionn\u00e9 d&rsquo;histoire<\/strong><\/li>\n<\/ul>\n\n\n\n<p>Nous croyons en la puissance du lien entre pass\u00e9 et pr\u00e9sent. Avec Moment \u00c9ternel, chaque contact contribue \u00e0 faire passer les monuments de&nbsp;<strong>statiques \u00e0 dynamiques<\/strong>.<\/p>\n\n\n\n<p class=\"has-text-align-center\"><strong>Moyens de nous contacter :<\/strong><\/p>\n\n\n\n<ul class=\"wp-block-list\">\n<li>Mail : <a>MomentEternel@Gmail.Com<\/a><\/li>\n\n\n\n<li>T\u00e9l\u00e9phone : +33 1 23 45 67 89<\/li>\n\n\n\n<li>Ou via le formulaire ci-dessous :<\/li>\n<\/ul>\n\n\n\n<p class=\"has-text-align-center\"><strong>Formulaire de contact :<\/strong><\/p>\n\n\n\n<ul class=\"wp-block-list\">\n<li>Nom<\/li>\n\n\n\n<li>Email<\/li>\n\n\n\n<li>Sujet<\/li>\n\n\n\n<li>Message<\/li>\n<\/ul>\n\n\n\n<p>Nous vous r\u00e9pondrons dans les meilleurs d\u00e9lais. Merci pour votre int\u00e9r\u00eat !<\/p>\n\n\n\n<hr class=\"wp-block-separator has-alpha-channel-opacity\"\/>\n\n\n\n<p><\/p>\n","protected":false},"excerpt":{"rendered":"<p>&nbsp;Une question, une proposition ? Contactez-nous ! Vous souhaitez devenir partenaire, inscrire un monument, proposer votre commerce ou simplement en savoir plus sur notre projet ? Nous sommes \u00e0 votre \u00e9coute. Notre \u00e9quipe vous accompagne que vous soyez : Nous croyons en la puissance du lien entre pass\u00e9 et pr\u00e9sent. Avec Moment \u00c9ternel, chaque contact &hellip; <\/p>\n<p class=\"link-more\"><a href=\"https:\/\/momenteternel.com\/?page_id=161\" class=\"more-link\">Lire la suite de<span class=\"screen-reader-text\">\u00ab\u00a0Contact \/ Devenir partenaire\u00a0\u00bb<\/span><\/a><\/p>\n","protected":false},"author":1,"featured_media":0,"parent":0,"menu_order":0,"comment_status":"closed","ping_status":"closed","template":"","meta":{"inspiro_hide_title":false,"footnotes":""},"class_list":["post-161","page","type-page","status-publish","hentry"],"_links":{"self":[{"href":"https:\/\/momenteternel.com\/index.php?rest_route=\/wp\/v2\/pages\/161","targetHints":{"allow":["GET"]}}],"collection":[{"href":"https:\/\/momenteternel.com\/index.php?rest_route=\/wp\/v2\/pages"}],"about":[{"href":"https:\/\/momenteternel.com\/index.php?rest_route=\/wp\/v2\/types\/page"}],"author":[{"embeddable":true,"href":"https:\/\/momenteternel.com\/index.php?rest_route=\/wp\/v2\/users\/1"}],"replies":[{"embeddable":true,"href":"https:\/\/momenteternel.com\/index.php?rest_route=%2Fwp%2Fv2%2Fcomments&post=161"}],"version-history":[{"count":10,"href":"https:\/\/momenteternel.com\/index.php?rest_route=\/wp\/v2\/pages\/161\/revisions"}],"predecessor-version":[{"id":210,"href":"https:\/\/momenteternel.com\/index.php?rest_route=\/wp\/v2\/pages\/161\/revisions\/210"}],"wp:attachment":[{"href":"https:\/\/momenteternel.com\/index.php?rest_route=%2Fwp%2Fv2%2Fmedia&parent=161"}],"curies":[{"name":"wp","href":"https:\/\/api.w.org\/{rel}","templated":true}]}}